{"id":768,"date":"2013-09-23T16:47:21","date_gmt":"2013-09-23T14:47:21","guid":{"rendered":"http:\/\/beta.kreativfeld.de\/?page_id=768"},"modified":"2025-06-06T21:10:44","modified_gmt":"2025-06-06T20:10:44","slug":"home","status":"publish","type":"page","link":"https:\/\/www.logopaedie-tibio.de\/","title":{"rendered":"herzlich willkommen!"},"content":{"rendered":"<p>Auf den folgenden Seiten haben Sie die M\u00f6glichkeit, sich \u00fcber uns und unsere Behandlungen zu informieren.<\/p>\n<p>Wir freuen uns Ihnen pers\u00f6nlich, telefonisch oder per email zur Verf\u00fcgung zu stehen.<\/p>\n<p>Sprechen Sie uns bei Interesse gerne an.<\/p>\n<p>In unserer Praxis finden Sie mit <em>Sandra Fernandes-Weber, Melina B\u00f6hmer, Sophia Schulze, Julia Eratz <\/em>und<em> Alina Hagen <\/em>f\u00fcnf staatlich anerkannte Logop\u00e4dinnen.<\/p>\n","protected":false},"excerpt":{"rendered":"<p>Auf den folgenden Seiten haben Sie die M\u00f6glichkeit, sich \u00fcber uns und unsere Behandlungen zu informieren. Wir freuen uns Ihnen pers\u00f6nlich, telefonisch oder per email zur Verf\u00fcgung zu stehen. Sprechen Sie uns bei Interesse gerne an. In unserer Praxis finden Sie mit Sandra Fernandes-Weber, Melina B\u00f6hmer, Sophia Schulze, Julia Eratz und Alina Hagen f\u00fcnf staatlich &hellip;<\/p>\n","protected":false},"author":1,"featured_media":959,"parent":0,"menu_order":0,"comment_status":"open","ping_status":"open","template":"","meta":{"footnotes":""},"class_list":["post-768","page","type-page","status-publish","has-post-thumbnail","hentry","post-bright","has-post-thumb"],"_links":{"self":[{"href":"https:\/\/www.logopaedie-tibio.de\/index.php?rest_route=\/wp\/v2\/pages\/768","targetHints":{"allow":["GET"]}}],"collection":[{"href":"https:\/\/www.logopaedie-tibio.de\/index.php?rest_route=\/wp\/v2\/pages"}],"about":[{"href":"https:\/\/www.logopaedie-tibio.de\/index.php?rest_route=\/wp\/v2\/types\/page"}],"author":[{"embeddable":true,"href":"https:\/\/www.logopaedie-tibio.de\/index.php?rest_route=\/wp\/v2\/users\/1"}],"replies":[{"embeddable":true,"href":"https:\/\/www.logopaedie-tibio.de\/index.php?rest_route=%2Fwp%2Fv2%2Fcomments&post=768"}],"version-history":[{"count":13,"href":"https:\/\/www.logopaedie-tibio.de\/index.php?rest_route=\/wp\/v2\/pages\/768\/revisions"}],"predecessor-version":[{"id":1101,"href":"https:\/\/www.logopaedie-tibio.de\/index.php?rest_route=\/wp\/v2\/pages\/768\/revisions\/1101"}],"wp:featuredmedia":[{"embeddable":true,"href":"https:\/\/www.logopaedie-tibio.de\/index.php?rest_route=\/wp\/v2\/media\/959"}],"wp:attachment":[{"href":"https:\/\/www.logopaedie-tibio.de\/index.php?rest_route=%2Fwp%2Fv2%2Fmedia&parent=768"}],"curies":[{"name":"wp","href":"https:\/\/api.w.org\/{rel}","templated":true}]}}