{"id":741,"date":"2013-09-23T15:48:25","date_gmt":"2013-09-23T13:48:25","guid":{"rendered":"http:\/\/beta.kreativfeld.de\/?page_id=741"},"modified":"2025-06-06T21:13:47","modified_gmt":"2025-06-06T20:13:47","slug":"logopaedie","status":"publish","type":"page","link":"https:\/\/www.logopaedie-tibio.de\/?page_id=741","title":{"rendered":"logop\u00e4die"},"content":{"rendered":"<div class=\"ezcol ezcol-one-half\">\n<p>Sicherlich stellen Sie sich die Frage, was Logop\u00e4die \u00fcberhaupt ist.<br \/>\nLogop\u00e4den untersuchen und behandeln Menschen jeden Alters, die eine Sprach-, Sprech-, Stimm-, oder Schluckst\u00f6rung aufgrund organischer oder funktioneller Ursachen erworben haben. Somit werden vom Logop\u00e4den sowohl S\u00e4uglinge und (Klein-)Kinder, als auch Schulkinder, Jugendliche und Erwachsene behandelt, die eine individuell befriedigende Kommunikationsf\u00e4higkeit erreichen m\u00f6chten (z.B. die Schulf\u00e4higkeit eines Kindes oder das Wiedererlangen der Berufsf\u00e4higkeit eines Erwachsenen).<\/p>\n<\/div>\n<p>Die logop\u00e4dische Behandlung kann in Einzel- oder Gruppentherapie erfolgen und muss von einem Arzt verordnet werden. Die Logop\u00e4din f\u00fchrt vor Beginn der Therapie eine Untersuchung durch, bei der Aussprache, Wortschatz, Grammatik, Verstehen von Sprache, Lese- und Schreibleistung, ggf. aber auch die Stimm-, Atem- und Schluckfunktionen \u00fcberpr\u00fcft werden.<\/p>\n<p>Innerhalb der Therapie werden neben speziellen \u00dcbungen \u2013 sowie deren Anleitung zum selbstst\u00e4ndigen Durchf\u00fchren \u2013 auch Gespr\u00e4che \u00fcber den Therapieverlauf und den zu erwartenden Erfolg gef\u00fchrt.<\/p>\n","protected":false},"excerpt":{"rendered":"<p>Die logop\u00e4dische Behandlung kann in Einzel- oder Gruppentherapie erfolgen und muss von einem Arzt verordnet werden. Die Logop\u00e4din f\u00fchrt vor Beginn der Therapie eine Untersuchung durch, bei der Aussprache, Wortschatz, Grammatik, Verstehen von Sprache, Lese- und Schreibleistung, ggf. aber auch die Stimm-, Atem- und Schluckfunktionen \u00fcberpr\u00fcft werden. Innerhalb der Therapie werden neben speziellen \u00dcbungen \u2013 &hellip;<\/p>\n","protected":false},"author":1,"featured_media":878,"parent":0,"menu_order":0,"comment_status":"open","ping_status":"open","template":"","meta":{"footnotes":""},"class_list":["post-741","page","type-page","status-publish","has-post-thumbnail","hentry","post-bright","has-post-thumb"],"_links":{"self":[{"href":"https:\/\/www.logopaedie-tibio.de\/index.php?rest_route=\/wp\/v2\/pages\/741","targetHints":{"allow":["GET"]}}],"collection":[{"href":"https:\/\/www.logopaedie-tibio.de\/index.php?rest_route=\/wp\/v2\/pages"}],"about":[{"href":"https:\/\/www.logopaedie-tibio.de\/index.php?rest_route=\/wp\/v2\/types\/page"}],"author":[{"embeddable":true,"href":"https:\/\/www.logopaedie-tibio.de\/index.php?rest_route=\/wp\/v2\/users\/1"}],"replies":[{"embeddable":true,"href":"https:\/\/www.logopaedie-tibio.de\/index.php?rest_route=%2Fwp%2Fv2%2Fcomments&post=741"}],"version-history":[{"count":6,"href":"https:\/\/www.logopaedie-tibio.de\/index.php?rest_route=\/wp\/v2\/pages\/741\/revisions"}],"predecessor-version":[{"id":1105,"href":"https:\/\/www.logopaedie-tibio.de\/index.php?rest_route=\/wp\/v2\/pages\/741\/revisions\/1105"}],"wp:featuredmedia":[{"embeddable":true,"href":"https:\/\/www.logopaedie-tibio.de\/index.php?rest_route=\/wp\/v2\/media\/878"}],"wp:attachment":[{"href":"https:\/\/www.logopaedie-tibio.de\/index.php?rest_route=%2Fwp%2Fv2%2Fmedia&parent=741"}],"curies":[{"name":"wp","href":"https:\/\/api.w.org\/{rel}","templated":true}]}}