{"id":565,"date":"2013-08-13T16:30:46","date_gmt":"2013-08-13T14:30:46","guid":{"rendered":"http:\/\/beta.kreativfeld.de\/?page_id=565"},"modified":"2025-06-06T21:58:22","modified_gmt":"2025-06-06T20:58:22","slug":"kontakt-2","status":"publish","type":"page","link":"https:\/\/www.logopaedie-tibio.de\/?page_id=565","title":{"rendered":"kontakt"},"content":{"rendered":"<div class=\"ezcol ezcol-one-half\">\n<p><a href=\"https:\/\/www.logopaedie-tibio.de\/wp-content\/uploads\/sandra_fertig_klein-1-150x150-1.jpg\"><img loading=\"lazy\" decoding=\"async\" class=\"alignnone size-full wp-image-1019\" src=\"https:\/\/www.logopaedie-tibio.de\/wp-content\/uploads\/sandra_fertig_klein-1-150x150-1.jpg\" alt=\"\" width=\"150\" height=\"150\" \/><\/a><br \/>\n<strong>Praxis f\u00fcr Logop\u00e4die TIBIO<\/strong><br \/>\nSandra Fernandes-Weber<br \/>\nBlumentalstra\u00dfe 108<br \/>\n47798 Krefeld<br \/>\ntel 02151\/36 000 89<br \/>\nfax 02151\/36 000 90<br \/>\n<span style=\"color: #ff9900;\"> www.logopaedie-tibio.de<\/span><br \/>\n<span style=\"color: #ff9900;\"><a href=\"info@logopaedie-tibio.de\"><span style=\"color: #ff9900;\">info (at) logopaedie-tibio.de<\/span><\/a><\/span><\/p>\n<p>Anfahrt<br \/>\nKostenlose Parkpl\u00e4tze sind hinter dem Haus vorhanden.<\/p>\n<p>Die Praxis ist bequem mit \u00f6ffentlichen Verkehrsmitteln zu erreichen:<\/p>\n<p>Die Busse der Linien 060\/061 (bis Haltestelle Dahlerdyk) halten unmittelbar vor der Praxis.<\/p>\n<p>Die Stra\u00dfenbahnlinie 044 (Haltestelle Drie\u00dfendorfer Stra\u00dfe) ist etwa 400 Meter von der Praxis entfernt.<\/p>\n<p>Termine nach Vereinbarung.<br \/>\n<\/div><br \/>\n<div class=\"ezcol ezcol-one-half ezcol-last\"><img loading=\"lazy\" decoding=\"async\" class=\"size-large wp-image-801 aligncenter\" src=\"https:\/\/www.logopaedie-tibio.de\/wp-content\/uploads\/anfahrt-536x1024.png\" alt=\"anfahrt\" width=\"536\" height=\"1024\" srcset=\"https:\/\/www.logopaedie-tibio.de\/wp-content\/uploads\/anfahrt-536x1024.png 536w, https:\/\/www.logopaedie-tibio.de\/wp-content\/uploads\/anfahrt-157x300.png 157w, https:\/\/www.logopaedie-tibio.de\/wp-content\/uploads\/anfahrt.png 1525w\" sizes=\"auto, (max-width: 536px) 100vw, 536px\" \/><\/p>\n<p><center><\/center><\/div><div class=\"ezcol-divider\"><\/div><\/p>\n","protected":false},"excerpt":{"rendered":"","protected":false},"author":1,"featured_media":730,"parent":0,"menu_order":0,"comment_status":"open","ping_status":"open","template":"","meta":{"footnotes":""},"class_list":["post-565","page","type-page","status-publish","has-post-thumbnail","hentry","post-bright","has-post-thumb"],"_links":{"self":[{"href":"https:\/\/www.logopaedie-tibio.de\/index.php?rest_route=\/wp\/v2\/pages\/565","targetHints":{"allow":["GET"]}}],"collection":[{"href":"https:\/\/www.logopaedie-tibio.de\/index.php?rest_route=\/wp\/v2\/pages"}],"about":[{"href":"https:\/\/www.logopaedie-tibio.de\/index.php?rest_route=\/wp\/v2\/types\/page"}],"author":[{"embeddable":true,"href":"https:\/\/www.logopaedie-tibio.de\/index.php?rest_route=\/wp\/v2\/users\/1"}],"replies":[{"embeddable":true,"href":"https:\/\/www.logopaedie-tibio.de\/index.php?rest_route=%2Fwp%2Fv2%2Fcomments&post=565"}],"version-history":[{"count":8,"href":"https:\/\/www.logopaedie-tibio.de\/index.php?rest_route=\/wp\/v2\/pages\/565\/revisions"}],"predecessor-version":[{"id":1108,"href":"https:\/\/www.logopaedie-tibio.de\/index.php?rest_route=\/wp\/v2\/pages\/565\/revisions\/1108"}],"wp:featuredmedia":[{"embeddable":true,"href":"https:\/\/www.logopaedie-tibio.de\/index.php?rest_route=\/wp\/v2\/media\/730"}],"wp:attachment":[{"href":"https:\/\/www.logopaedie-tibio.de\/index.php?rest_route=%2Fwp%2Fv2%2Fmedia&parent=565"}],"curies":[{"name":"wp","href":"https:\/\/api.w.org\/{rel}","templated":true}]}}